{"id":22,"date":"2019-05-09T13:17:32","date_gmt":"2019-05-09T11:17:32","guid":{"rendered":"http:\/\/hambastegi.de\/?page_id=22"},"modified":"2019-05-15T18:35:13","modified_gmt":"2019-05-15T16:35:13","slug":"grundsatzerklaerung","status":"publish","type":"page","link":"https:\/\/hambastegi.de\/de\/grundsatzerklaerung\/","title":{"rendered":"Grundsatzerkl\u00e4rung"},"content":{"rendered":"<div class=\"fusion-fullwidth fullwidth-box fusion-builder-row-1 nonhundred-percent-fullwidth non-hundred-percent-height-scrolling\" style=\"background-color: rgba(255,255,255,0);background-position: center center;background-repeat: no-repeat;padding-top:0px;padding-right:0px;padding-bottom:0px;padding-left:0px;margin-bottom: 0px;margin-top: 0px;border-width: 0px 0px 0px 0px;border-color:#eae9e9;border-style:solid;\" ><div class=\"fusion-builder-row fusion-row\"><div class=\"fusion-layout-column fusion_builder_column fusion-builder-column-0 fusion_builder_column_1_1 1_1 fusion-one-full fusion-column-first fusion-column-last\" style=\"margin-top:0px;margin-bottom:20px;\"><div class=\"fusion-column-wrapper fusion-flex-column-wrapper-legacy\" style=\"background-position:left top;background-repeat:no-repeat;-webkit-background-size:cover;-moz-background-size:cover;-o-background-size:cover;background-size:cover;padding: 0px 0px 0px 0px;\"><style type=\"text\/css\"><\/style><div class=\"fusion-title title fusion-title-1 fusion-title-center fusion-title-text fusion-title-size-one\" style=\"margin-top:0px;margin-right:0px;margin-bottom:31px;margin-left:0px;\"><div class=\"title-sep-container title-sep-container-left\"><div class=\"title-sep sep-single sep-dotted\" style=\"border-color:#e0dede;\"><\/div><\/div><h1 class=\"title-heading-center fusion-responsive-typography-calculated\" style=\"margin:0;--fontSize:36;line-height:1.4;\">Aufruf zur Kooperation<\/h1><div class=\"title-sep-container title-sep-container-right\"><div class=\"title-sep sep-single sep-dotted\" style=\"border-color:#e0dede;\"><\/div><\/div><\/div><div class=\"fusion-text fusion-text-1\"><p>Seit fast 40 Jahren wird unser Land von der Islamischen Republik beherrscht und unterdr\u00fcckt. Da das iranische Volk heute in allen Bereichen f\u00fcr seine Freiheit und seine Rechte k\u00e4mpft, sind wir als politische Str\u00f6mungen, Organisationen und Parteien mit unterschiedlichen sozialen Perspektiven und politischen Hintergr\u00fcnden auf der Grundlage der folgenden Vereinbarung gemeinsam aktiv geworden. Wir betrachten dies als ersten Schritt zur Schaffung einer breiten Einheit und wir werden auf diesem Weg keine Anstrengung unversucht lassen.<br \/>\nWir halten an der Notwendigkeit eines breiten B\u00fcndnisses f\u00fcr die Errichtung von Demokratie, der Republik und des F\u00f6deralismus im Iran sowie an Werten wie Toleranz, Pluralismus, der Trennung von Staat und Religion auf Grundlage der Charta der Menschenrechte und des Zusammenlebens aller demokratischen Spektren fest.<br \/>\nMit entschiedenem Nachdruck auf die Fortsetzung und Ausdehnung der laufenden K\u00e4mpfe der Bev\u00f6lkerung in Form von Protestbewegungen, Streiksund der B\u00fcrger- und Demokratiebewegungen im Iran laden wir Parteien, Institutionen, Organisationen und demokratische Bewegungen ein, mit uns zu kooperieren.<br \/>\nWir appellieren an alle, die mit der folgenden Vereinbarung einverstanden sind, sich im Kampf um den Sturz der Islamischen Republik mit uns zusammenzuschlie\u00dfen.<\/p>\n<h4>Gemeinsame Grundlage unserer Kooperation &#8211; Vorwort:<\/h4>\n<p><strong>A.<\/strong> Nach einem Jahrhundert \u00fcberw\u00e4ltigender K\u00e4mpfe f\u00fcr Freiheit und soziale Gerechtigkeit, Gew\u00e4hrung der Volkssouver\u00e4nit\u00e4t, Errichtung und Institutionalisierung der Demokratie im Land und des kontinuierlichen Bem\u00fchens, einen freien, fortschrittlichen und modernen Iran ohne Geschlechter-, nationale und religi\u00f6se Diskriminierung zu schaffen, ist das Land weiterhin Gefangener der Tyrannei und einer (religi\u00f6s-) autokratischen Herrschaft. Die Menschen werden ihrer Grundrechte auf politische, soziale und berufliche Freiheit, gesellschaftliche Sicherheit und gesetzlichen Schutz beraubt.<br \/>\nDie Diskriminierung von Frauen, die die H\u00e4lfte der Gesamtbev\u00f6lkerung ausmachen, ist offizielle Politik der Islamischen Republik. Andersdenkenden, Intellektuellen, Schriftstellern, K\u00fcnstlern, Wissenschaftlern, Jugendlichen und Studenten sind in Gefahr von dem Repressionsapparat des Staates angegriffen und in ihren Rechten verletzt zu werden. Arbeiter, Lehrer, Akademiker und andere Produzenten des materiellen und geistigen Reichtums der Gesellschaft haben keinen Zugang zu einem menschenw\u00fcrdigen Leben. Ihnen wird das Recht verwehrt, autonome Gewerkschaften und unabh\u00e4ngige Organisationen zu bilden. Die Diskriminierung und Unterdr\u00fcckung der im Iran lebenden Ethnien und Nationalit\u00e4ten wird in brutalster Weise fortgesetzt. Die Islamische Republik Iran reagiert w\u00e4hrend der fortlaufenden Einschr\u00e4nkungen weiterhin mit Gewalt und Aggression auf die berechtigten Forderungen nach Selbstbestimmung.<br \/>\nDie Verfassung der islamischen Republik und ihre Machtstruktur, die auf Diskriminierung und der Verbindung von Staat und Religion basieren, stehen Freiheit und Modernit\u00e4t feindlich gegen\u00fcber. Die Islamische Republik kennt keine Souver\u00e4nit\u00e4t des Volkes und verletzt massiv und fortlaufend die Menschenrechte.<br \/>\nDas Regime der islamischen Republik Iran ist in seiner Gesamtheit nicht reformierbar. Keine der demokratischen Forderungen der iranischen Bev\u00f6lkerung kann in diesem Rahmen verwirklicht werden. Daher sind der Sturz des Regimes, die Aufl\u00f6sung aller judikativen, legislativen und repressiv- exekutiven (einschlie\u00dflich politischer, milit\u00e4rischer, geheimdienstlicher etc.) Organe und die Aufhebung der Verfassung der islamischen Republik Iran sowie aller anderen nichtdemokratischen Gesetze die ersten und wichtigsten Voraussetzungen f\u00fcr den Aufbau eines auf Demokratie, der Trennung von Staat und Religion und den Menschenrechten basierenden republikanischen (politischen) Systems<\/p>\n<p><strong>B.<\/strong> In dem Kampf gegen die islamische Republik, der seit ihrer Gr\u00fcndung bis heute unerbittlich gef\u00fchrt wird, haben In den letzten vierzig Jahren zehntausende K\u00e4mpfer f\u00fcr Freiheit und soziale Gerechtigkeit ihre Leben verloren. Seit vier Jahrzehnten hat die Bev\u00f6lkerung in unterschiedlicher Weise ihre Unzufriedenheit mit dem Status quo zum Ausdruck gebracht. Einige Male kamen sie ungeachtet der repressiven Politik der Regierung zu Millionen auf die Stra\u00dfen, um ihren Abscheu \u00fcber die antidemokratische, ungerechte und diskriminierende Politik der Regierung zum Ausdruck zu bringen. Die j\u00fcngsten Beispiele finden sich in den Streiks und Protesten der letzten Monate, als deren Ergebnis die Islamische Republik weiter entlarvt wurde und die ma\u00dfgeblich zur nationalen und internationalen Solidarit\u00e4t im Demokratiestreben beigetragen haben.<\/p>\n<p><strong>C.<\/strong> Im Laufe der letzten vier Jahrzehnte haben libert\u00e4re und linke Kr\u00e4fte, Demokraten und Republikaner mit verschiedenen Pl\u00e4nen und Methoden gegen die islamische Republik gek\u00e4mpft. Die Erfahrung zeigt jedoch, dass es ohne Zusammenarbeit und Aktionseinheit schwierig sein wird, die politischen Entwicklungen und die Entstehung einer demokratisch republikanischen Alternative zu beeinflussen. Die Zusammenarbeit und der gemeinsame Einsatz der oppositionellen Kr\u00e4fte f\u00fcr die Weiterentwicklung der Bewegung sind wichtiger als je zuvor.<br \/>\nWir, die Organisationen und Parteien mit unterschiedlichen, Programmen, sozialen Perspektiven und verschiedenen politischen Hintergr\u00fcnden, die gemeinsam dieses Memorandum unterzeichnet haben, bekr\u00e4ftigen die Notwendigkeit eines breiten demokratischen republikanischen B\u00fcndnisses f\u00fcr die Gestaltung einer Demokratie im Iran auf Grundlage der Allgemeinen Erkl\u00e4rung der Menschenrechte und ihrer Vereinbarungen. Wir vertreten Werte wie Toleranz, Pluralismus, Trennung von Religion und Staat und des Zusammenlebens aller demokratischen politischen Spektren und Str\u00f6mungen. Wir sind die Kr\u00e4fte, die f\u00fcr die Fortsetzung, Erweiterung und Vertiefung der Protestbewegung des iranischen Volkes k\u00e4mpfen, das einen Regenbogen aus Klassen, sozialen Gruppen und freiheitlich gesinnten politischen Kr\u00e4ften der Gesellschaft bildet. Wir betonen ausdr\u00fccklich den zivilen, demokratischen und friedlichen Kampf, der die Protestbewegung auszeichnet. Wir betrachten die Einigung \u00fcber dieses Memorandum (vorl\u00e4ufiger Entwurf) als einen Schritt in Richtung einer umfassenden Einigung der Republikaner im Iran.<\/p>\n<h4>Unser gemeinsamer Entwurf (Plan):<\/h4>\n<p><strong>1.<\/strong> Die Errichtung eines demokratischen (politischen) Systems in Form einer parlamentarischen Republik, auf Grundlage der Trennung von Staat und Religion, Gewaltenteilung, politischem Pluralismus, der Auswahl aller staatlichen Institutionen mit direktem Votum des Volkes und Beachtung der Periodizit\u00e4t der Macht. Wir betonnen den Grundsatz, dass die Stimme des Volkes die einzige Quelle der Macht und der Legitimit\u00e4t der Regierung ist.<\/p>\n<p><strong>2.<\/strong> Der Iran ist ein Land, das sich aus dem Zusammenleben persischer, t\u00fcrkischer, kurdischer, arabischer, balochischer und turkmenischer Nationalit\u00e4ten und anderer Sprachgemeinschaften, religi\u00f6ser und kultureller Minderheiten gebildet hat. Es ist f\u00fcr ein dauerhaftes B\u00fcndnis und stabiles Zusammenleiben der V\u00f6lker Irans unerl\u00e4sslich:<br \/>\nErstens ihre nationale Identit\u00e4t und demokratischen Rechte zu akzeptieren und ihr Recht auf Selbstbestimmung anzuerkennen.<br \/>\nZweitens, dass die bisherige Machtkonzentration und Zentralisierung der Dezentralisierung und Teilung der Macht in der politischen Struktur Irans weicht.<br \/>\nWir wollen eine freie Einheit der iranischen V\u00f6lker in einem f\u00f6deralen politischen System.<\/p>\n<p><strong>3.<\/strong> Trennung von Staat und Religion und Garantie der Meinungs-, Religions- und Glaubensfreiheit.<\/p>\n<p><strong>4.<\/strong> Gew\u00e4hrleistung politischer Freiheiten, demokratischer Rechte und der B\u00fcrgerrechte, Freiheitsgarantie f\u00fcr Gedanken, Meinungen, Information, Lebensweise, politische Parteit\u00e4tigkeit, Versammlungs-, Demonstrations-, Streikfreiheit und Freiheit f\u00fcr die Gr\u00fcndung von Gewerkschaften und professionellen Organisationen der Zivilgesellschaft.<\/p>\n<p><strong>5.<\/strong> Gew\u00e4hrleistung der Gleichberechtigung von B\u00fcrgern, unabh\u00e4ngig von Geschlecht, Religion, ethnischer, nationaler, sprachlicher und ideologischer Zugeh\u00f6rigkeit.<\/p>\n<p><strong>6.<\/strong> Verpflichtung zur Garantie der in der Allgemeinen Erkl\u00e4rung der Menschenrechte und in den ihr beigef\u00fcgten Vertr\u00e4gen niedergelegten Rechte und Freiheiten.<\/p>\n<p><strong>7.<\/strong> Die Abschaffung der Todesstrafe und jeder Bestrafung, die die Menschenw\u00fcrde und Integrit\u00e4t verletzt.<\/p>\n<p><strong>8.<\/strong> Gew\u00e4hrleistung der Gleichberechtigung von Frauen und M\u00e4nnern, Beseitigung aller Formen der Diskriminierung aufgrund des Geschlechts; vollst\u00e4ndige Umsetzung der Bestimmungen des \u00dcbereinkommens gegen Diskriminierungder Frau und rechtliche Garantien, um die notwendigen Voraussetzungen f\u00fcr die Entwicklung von Talenten und F\u00e4higkeiten von Frauen in allen Bereichen des individuellen, famili\u00e4ren, sozialen und politischen Lebens zu erm\u00f6glichen.<\/p>\n<p><strong>9.<\/strong> Die Konsolidierung der demokratischen Grundlagen im Land und die Fortsetzung des historischen Zusammenlebens und seine Bestandteile erfordern, dass die gleichen Rechte der Nationalit\u00e4ten im einzigen Territorium Irans und die demokratischen ethnisch nationalen Rechte der im Iran lebenden Nationalit\u00e4ten (nationale Minderheiten) dezentral demokratisch auf allen sozialen, politischen, wirtschaftlichen und nationalen Ebenen gew\u00e4hrleistet und garantiert werden.<\/p>\n<p><strong>10.<\/strong> Gew\u00e4hrleistung von gleichen Chancen f\u00fcr alle B\u00fcrger, Zugang zu Wohnraum, Gesundheit, Bildung, Besch\u00e4ftigung, Kultur und Sozialversicherung zu erhalten.<\/p>\n<p><strong>11.<\/strong> Herstellung von diplomatischen Beziehungen Irans zu allen L\u00e4ndern der Welt auf Grundlage gegenseitigen Respekts, der Anerkennung der Souver\u00e4nit\u00e4t des iranischen Volkes und seiner Interessen unter der Wahrung des Weltfriedens.<br \/>\nWir sind gegen die Einmischung ausl\u00e4ndischer M\u00e4chte in die Angelegenheiten des Selbstbestimmungsrechts des iranischen Volkes und lehnen ihre politischen Alternativen ab.<\/p>\n<p><strong>12.<\/strong> Mobilisierung der \u00d6ffentlichkeit und Unterst\u00fctzung des iranischen Volkes durch internationale Institutionen, um gegen die Verletzung der Menschenrechte zu protestieren und aus Solidarit\u00e4t mit den freiheitsfordernden K\u00e4mpfen der Menschen im Iran die islamische Republik zu verdr\u00e4ngen.<\/p>\n<p><strong>13.<\/strong> Widerstand gegen Fundamentalismus, Gewaltaus\u00fcbung und Terrorismus.<\/p>\n<p><strong>14.<\/strong> Wir erkennen das Stattfinden von Versammlungen, Sitzstreiks, Streiks, M\u00e4rschen und anderen Formen des Protests als ein Recht sich gegen Regierungshandlungen zu wehren und den zivilen Kampf als Teil der Grundrechte der B\u00fcrger zum Erreichen ihrer wirtschaftlichen und politischen Forderungen an.<\/p>\n<p style=\"text-align: center;\">Demokratische Union Azarbayjan-Birlik<br \/>\nBewegung der laic demokratische Republikaner Irans<br \/>\nPartei der demokratische Solidarit\u00e4t Ahwaz<br \/>\nDemokratische Partei Kurdistan Iran<br \/>\nDemokratische Partei Kurdistan<br \/>\nPartei des balochischen Volkes (Belutschistan Volkspartei)<br \/>\nKomeleh-Partei Kurdistan<br \/>\nOrganisation der vereinigte Fedayin des Volkes Iran<br \/>\nKomeleh der Werkt\u00e4tigen Kurdistan<br \/>\nProvisorische Rat der sozialistische Linke Iran<br \/>\n16. November 2018<\/p>\n<\/div><div class=\"fusion-clearfix\"><\/div><\/div><\/div><\/div><\/div>\n","protected":false},"excerpt":{"rendered":"","protected":false},"author":1,"featured_media":0,"parent":0,"menu_order":0,"comment_status":"closed","ping_status":"closed","template":"","meta":{"footnotes":""},"class_list":["post-22","page","type-page","status-publish","hentry"],"yoast_head":"<!-- This site is optimized with the Yoast SEO plugin v27.6 - https:\/\/yoast.com\/product\/yoast-seo-wordpress\/ -->\n<title>Grundsatzerkl\u00e4rung - Hambastegi<\/title>\n<meta name=\"description\" content=\"%\" \/>\n<meta name=\"robots\" content=\"index, follow, max-snippet:-1, max-image-preview:large, max-video-preview:-1\" \/>\n<link rel=\"canonical\" href=\"https:\/\/hambastegi.de\/de\/grundsatzerklaerung\/\" \/>\n<meta property=\"og:locale\" content=\"de_DE\" \/>\n<meta property=\"og:type\" content=\"article\" \/>\n<meta property=\"og:title\" content=\"Grundsatzerkl\u00e4rung - Hambastegi\" \/>\n<meta property=\"og:description\" content=\"%\" \/>\n<meta property=\"og:url\" content=\"https:\/\/hambastegi.de\/de\/grundsatzerklaerung\/\" \/>\n<meta property=\"og:site_name\" content=\"Hambastegi\" \/>\n<meta property=\"article:modified_time\" content=\"2019-05-15T16:35:13+00:00\" \/>\n<meta property=\"og:image\" content=\"https:\/\/hambastegi.de\/wp-content\/uploads\/2021\/01\/1thumbnail.jpg\" \/>\n\t<meta property=\"og:image:width\" content=\"236\" \/>\n\t<meta property=\"og:image:height\" content=\"236\" \/>\n\t<meta property=\"og:image:type\" content=\"image\/jpeg\" \/>\n<meta name=\"twitter:card\" content=\"summary_large_image\" \/>\n<meta name=\"twitter:label1\" content=\"Gesch\u00e4tzte Lesezeit\" \/>\n\t<meta name=\"twitter:data1\" content=\"9\u00a0Minuten\" \/>\n<script type=\"application\/ld+json\" class=\"yoast-schema-graph\">{\"@context\":\"https:\\\/\\\/schema.org\",\"@graph\":[{\"@type\":\"WebPage\",\"@id\":\"https:\\\/\\\/hambastegi.de\\\/de\\\/grundsatzerklaerung\\\/\",\"url\":\"https:\\\/\\\/hambastegi.de\\\/de\\\/grundsatzerklaerung\\\/\",\"name\":\"Grundsatzerkl\u00e4rung - Hambastegi\",\"isPartOf\":{\"@id\":\"https:\\\/\\\/lightseagreen-gaur-719964.hostingersite.com\\\/#website\"},\"datePublished\":\"2019-05-09T11:17:32+00:00\",\"dateModified\":\"2019-05-15T16:35:13+00:00\",\"description\":\"%\",\"breadcrumb\":{\"@id\":\"https:\\\/\\\/hambastegi.de\\\/de\\\/grundsatzerklaerung\\\/#breadcrumb\"},\"inLanguage\":\"de\",\"potentialAction\":[{\"@type\":\"ReadAction\",\"target\":[\"https:\\\/\\\/hambastegi.de\\\/de\\\/grundsatzerklaerung\\\/\"]}]},{\"@type\":\"BreadcrumbList\",\"@id\":\"https:\\\/\\\/hambastegi.de\\\/de\\\/grundsatzerklaerung\\\/#breadcrumb\",\"itemListElement\":[{\"@type\":\"ListItem\",\"position\":1,\"name\":\"Startseite\",\"item\":\"https:\\\/\\\/lightseagreen-gaur-719964.hostingersite.com\\\/\"},{\"@type\":\"ListItem\",\"position\":2,\"name\":\"Grundsatzerkl\u00e4rung\"}]},{\"@type\":\"WebSite\",\"@id\":\"https:\\\/\\\/lightseagreen-gaur-719964.hostingersite.com\\\/#website\",\"url\":\"https:\\\/\\\/lightseagreen-gaur-719964.hostingersite.com\\\/\",\"name\":\"Hambastegi\",\"description\":\"\u0647\u0645\u0628\u0633\u062a\u06af\u06cc\",\"publisher\":{\"@id\":\"https:\\\/\\\/lightseagreen-gaur-719964.hostingersite.com\\\/#organization\"},\"potentialAction\":[{\"@type\":\"SearchAction\",\"target\":{\"@type\":\"EntryPoint\",\"urlTemplate\":\"https:\\\/\\\/lightseagreen-gaur-719964.hostingersite.com\\\/?s={search_term_string}\"},\"query-input\":{\"@type\":\"PropertyValueSpecification\",\"valueRequired\":true,\"valueName\":\"search_term_string\"}}],\"inLanguage\":\"de\"},{\"@type\":\"Organization\",\"@id\":\"https:\\\/\\\/lightseagreen-gaur-719964.hostingersite.com\\\/#organization\",\"name\":\"\u0647\u0645\u0628\u0633\u062a\u06af\u06cc \u0628\u0631\u0627\u06cc \u0622\u0632\u0627\u062f\u06cc \u0648 \u0628\u0631\u0627\u0628\u0631\u06cc \u062f\u0631 \u0627\u06cc\u0631\u0627\u0646\",\"url\":\"https:\\\/\\\/lightseagreen-gaur-719964.hostingersite.com\\\/\",\"logo\":{\"@type\":\"ImageObject\",\"inLanguage\":\"de\",\"@id\":\"https:\\\/\\\/lightseagreen-gaur-719964.hostingersite.com\\\/#\\\/schema\\\/logo\\\/image\\\/\",\"url\":\"http:\\\/\\\/hambastegi.de\\\/wp-content\\\/uploads\\\/2020\\\/06\\\/Arm_h-1.jpg\",\"contentUrl\":\"http:\\\/\\\/hambastegi.de\\\/wp-content\\\/uploads\\\/2020\\\/06\\\/Arm_h-1.jpg\",\"width\":219,\"height\":219,\"caption\":\"\u0647\u0645\u0628\u0633\u062a\u06af\u06cc \u0628\u0631\u0627\u06cc \u0622\u0632\u0627\u062f\u06cc \u0648 \u0628\u0631\u0627\u0628\u0631\u06cc \u062f\u0631 \u0627\u06cc\u0631\u0627\u0646\"},\"image\":{\"@id\":\"https:\\\/\\\/lightseagreen-gaur-719964.hostingersite.com\\\/#\\\/schema\\\/logo\\\/image\\\/\"}}]}<\/script>\n<!-- \/ Yoast SEO plugin. -->","yoast_head_json":{"title":"Grundsatzerkl\u00e4rung - Hambastegi","description":"%","robots":{"index":"index","follow":"follow","max-snippet":"max-snippet:-1","max-image-preview":"max-image-preview:large","max-video-preview":"max-video-preview:-1"},"canonical":"https:\/\/hambastegi.de\/de\/grundsatzerklaerung\/","og_locale":"de_DE","og_type":"article","og_title":"Grundsatzerkl\u00e4rung - Hambastegi","og_description":"%","og_url":"https:\/\/hambastegi.de\/de\/grundsatzerklaerung\/","og_site_name":"Hambastegi","article_modified_time":"2019-05-15T16:35:13+00:00","og_image":[{"width":236,"height":236,"url":"https:\/\/hambastegi.de\/wp-content\/uploads\/2021\/01\/1thumbnail.jpg","type":"image\/jpeg"}],"twitter_card":"summary_large_image","twitter_misc":{"Gesch\u00e4tzte Lesezeit":"9\u00a0Minuten"},"schema":{"@context":"https:\/\/schema.org","@graph":[{"@type":"WebPage","@id":"https:\/\/hambastegi.de\/de\/grundsatzerklaerung\/","url":"https:\/\/hambastegi.de\/de\/grundsatzerklaerung\/","name":"Grundsatzerkl\u00e4rung - Hambastegi","isPartOf":{"@id":"https:\/\/lightseagreen-gaur-719964.hostingersite.com\/#website"},"datePublished":"2019-05-09T11:17:32+00:00","dateModified":"2019-05-15T16:35:13+00:00","description":"%","breadcrumb":{"@id":"https:\/\/hambastegi.de\/de\/grundsatzerklaerung\/#breadcrumb"},"inLanguage":"de","potentialAction":[{"@type":"ReadAction","target":["https:\/\/hambastegi.de\/de\/grundsatzerklaerung\/"]}]},{"@type":"BreadcrumbList","@id":"https:\/\/hambastegi.de\/de\/grundsatzerklaerung\/#breadcrumb","itemListElement":[{"@type":"ListItem","position":1,"name":"Startseite","item":"https:\/\/lightseagreen-gaur-719964.hostingersite.com\/"},{"@type":"ListItem","position":2,"name":"Grundsatzerkl\u00e4rung"}]},{"@type":"WebSite","@id":"https:\/\/lightseagreen-gaur-719964.hostingersite.com\/#website","url":"https:\/\/lightseagreen-gaur-719964.hostingersite.com\/","name":"Hambastegi","description":"\u0647\u0645\u0628\u0633\u062a\u06af\u06cc","publisher":{"@id":"https:\/\/lightseagreen-gaur-719964.hostingersite.com\/#organization"},"potentialAction":[{"@type":"SearchAction","target":{"@type":"EntryPoint","urlTemplate":"https:\/\/lightseagreen-gaur-719964.hostingersite.com\/?s={search_term_string}"},"query-input":{"@type":"PropertyValueSpecification","valueRequired":true,"valueName":"search_term_string"}}],"inLanguage":"de"},{"@type":"Organization","@id":"https:\/\/lightseagreen-gaur-719964.hostingersite.com\/#organization","name":"\u0647\u0645\u0628\u0633\u062a\u06af\u06cc \u0628\u0631\u0627\u06cc \u0622\u0632\u0627\u062f\u06cc \u0648 \u0628\u0631\u0627\u0628\u0631\u06cc \u062f\u0631 \u0627\u06cc\u0631\u0627\u0646","url":"https:\/\/lightseagreen-gaur-719964.hostingersite.com\/","logo":{"@type":"ImageObject","inLanguage":"de","@id":"https:\/\/lightseagreen-gaur-719964.hostingersite.com\/#\/schema\/logo\/image\/","url":"http:\/\/hambastegi.de\/wp-content\/uploads\/2020\/06\/Arm_h-1.jpg","contentUrl":"http:\/\/hambastegi.de\/wp-content\/uploads\/2020\/06\/Arm_h-1.jpg","width":219,"height":219,"caption":"\u0647\u0645\u0628\u0633\u062a\u06af\u06cc \u0628\u0631\u0627\u06cc \u0622\u0632\u0627\u062f\u06cc \u0648 \u0628\u0631\u0627\u0628\u0631\u06cc \u062f\u0631 \u0627\u06cc\u0631\u0627\u0646"},"image":{"@id":"https:\/\/lightseagreen-gaur-719964.hostingersite.com\/#\/schema\/logo\/image\/"}}]}},"_links":{"self":[{"href":"https:\/\/hambastegi.de\/de\/wp-json\/wp\/v2\/pages\/22","targetHints":{"allow":["GET"]}}],"collection":[{"href":"https:\/\/hambastegi.de\/de\/wp-json\/wp\/v2\/pages"}],"about":[{"href":"https:\/\/hambastegi.de\/de\/wp-json\/wp\/v2\/types\/page"}],"author":[{"embeddable":true,"href":"https:\/\/hambastegi.de\/de\/wp-json\/wp\/v2\/users\/1"}],"replies":[{"embeddable":true,"href":"https:\/\/hambastegi.de\/de\/wp-json\/wp\/v2\/comments?post=22"}],"version-history":[{"count":4,"href":"https:\/\/hambastegi.de\/de\/wp-json\/wp\/v2\/pages\/22\/revisions"}],"predecessor-version":[{"id":323,"href":"https:\/\/hambastegi.de\/de\/wp-json\/wp\/v2\/pages\/22\/revisions\/323"}],"wp:attachment":[{"href":"https:\/\/hambastegi.de\/de\/wp-json\/wp\/v2\/media?parent=22"}],"curies":[{"name":"wp","href":"https:\/\/api.w.org\/{rel}","templated":true}]}}